{"id":313859,"date":"2026-01-20T16:51:52","date_gmt":"2026-01-20T15:51:52","guid":{"rendered":"https:\/\/jobs.bassetti-group.com\/professions\/software-engineering\/"},"modified":"2026-01-23T13:54:08","modified_gmt":"2026-01-23T12:54:08","slug":"software-engineering","status":"publish","type":"page","link":"https:\/\/jobs.bassetti-group.com\/en\/roles\/software-engineering\/","title":{"rendered":"Software Engineering"},"content":{"rendered":"\t\t<div data-elementor-type=\"wp-page\" data-elementor-id=\"313859\" class=\"elementor elementor-313859 elementor-301483\" data-elementor-settings=\"{&quot;ha_cmc_init_switcher&quot;:&quot;no&quot;}\" data-elementor-post-type=\"page\">\n\t\t\t\t<article class=\"elementor-element elementor-element-ea1eb10 e-con-full e-flex wpr-particle-no wpr-jarallax-no wpr-parallax-no wpr-sticky-section-no wpr-equal-height-no e-con e-parent\" data-id=\"ea1eb10\" data-element_type=\"container\" data-e-type=\"container\" data-settings=\"{&quot;background_background&quot;:&quot;classic&quot;,&quot;_ha_eqh_enable&quot;:false}\">\n\t\t<section class=\"elementor-element elementor-element-1d0ec1e5 e-con-full elementor-hidden-tablet elementor-hidden-mobile e-flex wpr-particle-no wpr-jarallax-no wpr-parallax-no wpr-sticky-section-no wpr-equal-height-no e-con e-child\" data-id=\"1d0ec1e5\" data-element_type=\"container\" data-e-type=\"container\" data-settings=\"{&quot;background_background&quot;:&quot;classic&quot;,&quot;_ha_eqh_enable&quot;:false}\">\n\t\t<section class=\"elementor-element elementor-element-1fe4ed5e e-con-full e-flex wpr-particle-no wpr-jarallax-no wpr-parallax-no wpr-sticky-section-no wpr-equal-height-no e-con e-child\" data-id=\"1fe4ed5e\" data-element_type=\"container\" data-e-type=\"container\" data-settings=\"{&quot;background_background&quot;:&quot;classic&quot;,&quot;background_motion_fx_motion_fx_mouse&quot;:&quot;yes&quot;,&quot;position&quot;:&quot;absolute&quot;,&quot;_ha_eqh_enable&quot;:false}\">\n\t\t\t\t<div class=\"elementor-element elementor-element-4836c6a9 elementor-widget elementor-widget-heading\" data-id=\"4836c6a9\" data-element_type=\"widget\" data-e-type=\"widget\" data-widget_type=\"heading.default\">\n\t\t\t\t<div class=\"elementor-widget-container\">\n\t\t\t\t\t<h1 class=\"elementor-heading-title elementor-size-default\">Software Engineering <\/h1>\t\t\t\t<\/div>\n\t\t\t\t<\/div>\n\t\t\t\t<div class=\"elementor-element elementor-element-36d9cdb9 elementor-widget elementor-widget-text-editor\" data-id=\"36d9cdb9\" data-element_type=\"widget\" data-e-type=\"widget\" data-widget_type=\"text-editor.default\">\n\t\t\t\t<div class=\"elementor-widget-container\">\n\t\t\t\t\t\t\t\t\t<p>Our development teams encompass a wide range of IT specialties: full stack, back end, front end, AI, Cloud, etc. They are committed every day to maintaining and evolving our software to meet our clients&#8217; needs. Becoming a developer at Bassetti means mastering diverse programming languages and contributing to our innovation strategy: artificial intelligence, big data, data visualization, UI\/UX ergonomics, and more.<\/p>\t\t\t\t\t\t\t\t<\/div>\n\t\t\t\t<\/div>\n\t\t\t\t<\/section>\n\t\t\t\t<\/section>\n\t\t<section class=\"elementor-element elementor-element-43422ec8 e-con-full elementor-hidden-desktop e-flex wpr-particle-no wpr-jarallax-no wpr-parallax-no wpr-sticky-section-no wpr-equal-height-no e-con e-child\" data-id=\"43422ec8\" data-element_type=\"container\" data-e-type=\"container\" data-settings=\"{&quot;background_background&quot;:&quot;classic&quot;,&quot;_ha_eqh_enable&quot;:false}\">\n\t\t\t\t<\/section>\n\t\t<section class=\"elementor-element elementor-element-57f69a42 e-con-full elementor-hidden-desktop e-flex wpr-particle-no wpr-jarallax-no wpr-parallax-no wpr-sticky-section-no wpr-equal-height-no e-con e-child\" data-id=\"57f69a42\" data-element_type=\"container\" data-e-type=\"container\" data-settings=\"{&quot;background_background&quot;:&quot;classic&quot;,&quot;_ha_eqh_enable&quot;:false}\">\n\t\t\t\t<div class=\"elementor-element elementor-element-23909e5c elementor-widget elementor-widget-heading\" data-id=\"23909e5c\" data-element_type=\"widget\" data-e-type=\"widget\" data-widget_type=\"heading.default\">\n\t\t\t\t<div class=\"elementor-widget-container\">\n\t\t\t\t\t<h1 class=\"elementor-heading-title elementor-size-default\">Software Engineering\n<\/h1>\t\t\t\t<\/div>\n\t\t\t\t<\/div>\n\t\t\t\t<div class=\"elementor-element elementor-element-7a5f8178 elementor-widget elementor-widget-text-editor\" data-id=\"7a5f8178\" data-element_type=\"widget\" data-e-type=\"widget\" data-widget_type=\"text-editor.default\">\n\t\t\t\t<div class=\"elementor-widget-container\">\n\t\t\t\t\t\t\t\t\t<p>Our development teams encompass a wide range of IT specialties: full stack, back end, front end, AI, Cloud, etc. They are committed every day to maintaining and evolving our software to meet our clients&#8217; needs. Becoming a developer at Bassetti means mastering diverse programming languages and contributing to our innovation strategy: artificial intelligence, big data, data visualization, UI\/UX ergonomics, and more.<\/p>\t\t\t\t\t\t\t\t<\/div>\n\t\t\t\t<\/div>\n\t\t\t\t<\/section>\n\t\t<section class=\"elementor-element elementor-element-47bd8796 e-con-full temoignage-section e-flex wpr-particle-no wpr-jarallax-no wpr-parallax-no wpr-sticky-section-no wpr-equal-height-no e-con e-child\" data-id=\"47bd8796\" data-element_type=\"container\" data-e-type=\"container\" data-settings=\"{&quot;_ha_eqh_enable&quot;:false}\">\n\t\t<section class=\"elementor-element elementor-element-2319c457 e-con-full e-flex wpr-particle-no wpr-jarallax-no wpr-parallax-no wpr-sticky-section-no wpr-equal-height-no e-con e-child\" data-id=\"2319c457\" data-element_type=\"container\" data-e-type=\"container\" data-settings=\"{&quot;_ha_eqh_enable&quot;:false}\">\n\t\t\t\t<div class=\"elementor-element elementor-element-7da8d76c elementor-widget elementor-widget-heading\" data-id=\"7da8d76c\" data-element_type=\"widget\" data-e-type=\"widget\" data-widget_type=\"heading.default\">\n\t\t\t\t<div class=\"elementor-widget-container\">\n\t\t\t\t\t<h2 class=\"elementor-heading-title elementor-size-default\">Testimonial: J\u00e9r\u00e9my, Developer\n<\/h2>\t\t\t\t<\/div>\n\t\t\t\t<\/div>\n\t\t\t\t<div class=\"elementor-element elementor-element-9516e8a elementor-widget elementor-widget-text-editor\" data-id=\"9516e8a\" data-element_type=\"widget\" data-e-type=\"widget\" data-widget_type=\"text-editor.default\">\n\t\t\t\t<div class=\"elementor-widget-container\">\n\t\t\t\t\t\t\t\t\t<p>&#8220;We focus on researching new technologies and orchestrating these different technologies to improve all of our solutions&#8230; We combine various roles to successfully implement our innovations, all in a cool and relaxed atmosphere, as we are a relatively young team\u2014a band of friends at BASSETTI<i>.&#8221;<\/i><\/p><p><span style=\"font-weight: 400;\">&#8211; J\u00e9r\u00e9my Bruy\u00e8re, Developer at BASSETTI<\/span><\/p>\t\t\t\t\t\t\t\t<\/div>\n\t\t\t\t<\/div>\n\t\t\t\t<\/section>\n\t\t<section class=\"elementor-element elementor-element-6ac4dfe e-con-full e-flex wpr-particle-no wpr-jarallax-no wpr-parallax-no wpr-sticky-section-no wpr-equal-height-no e-con e-child\" data-id=\"6ac4dfe\" data-element_type=\"container\" data-e-type=\"container\" data-settings=\"{&quot;_ha_eqh_enable&quot;:false}\">\n\t\t\t\t<div class=\"elementor-element elementor-element-4000b8b elementor-widget elementor-widget-video\" data-id=\"4000b8b\" data-element_type=\"widget\" data-e-type=\"widget\" data-settings=\"{&quot;youtube_url&quot;:&quot;https:\\\/\\\/www.youtube.com\\\/watch?v=f9Obs3PQAxI&quot;,&quot;video_type&quot;:&quot;youtube&quot;,&quot;controls&quot;:&quot;yes&quot;}\" data-widget_type=\"video.default\">\n\t\t\t\t<div class=\"elementor-widget-container\">\n\t\t\t\t\t\t\t<div class=\"elementor-wrapper elementor-open-inline\">\n\t\t\t<div class=\"elementor-video\"><\/div>\t\t<\/div>\n\t\t\t\t\t\t<\/div>\n\t\t\t\t<\/div>\n\t\t\t\t<\/section>\n\t\t\t\t<\/section>\n\t\t<section class=\"elementor-element elementor-element-160767a e-con-full e-flex wpr-particle-no wpr-jarallax-no wpr-parallax-no wpr-sticky-section-no wpr-equal-height-no e-con e-child\" data-id=\"160767a\" data-element_type=\"container\" data-e-type=\"container\" data-settings=\"{&quot;background_background&quot;:&quot;classic&quot;,&quot;_ha_eqh_enable&quot;:false}\">\n\t\t<section class=\"elementor-element elementor-element-f9cd338 e-con-full e-flex wpr-particle-no wpr-jarallax-no wpr-parallax-no wpr-sticky-section-no wpr-equal-height-no e-con e-child\" data-id=\"f9cd338\" data-element_type=\"container\" data-e-type=\"container\" data-settings=\"{&quot;_ha_eqh_enable&quot;:false}\">\n\t\t\t\t<div class=\"elementor-element elementor-element-c731b85 elementor-widget elementor-widget-heading\" data-id=\"c731b85\" data-element_type=\"widget\" data-e-type=\"widget\" data-widget_type=\"heading.default\">\n\t\t\t\t<div class=\"elementor-widget-container\">\n\t\t\t\t\t<h2 class=\"elementor-heading-title elementor-size-large\">Discover our job openings<\/h2>\t\t\t\t<\/div>\n\t\t\t\t<\/div>\n\t\t\t\t<div class=\"elementor-element elementor-element-d8ea39c wpr-item-styles-wrapper wpr-grid-columns-3 wpr-grid-columns--tablet2 wpr-grid-columns--mobile1 wpr-grid-pagination-center elementor-widget elementor-widget-wpr-grid\" data-id=\"d8ea39c\" data-element_type=\"widget\" data-e-type=\"widget\" data-widget_type=\"wpr-grid.default\">\n\t\t\t\t<div class=\"elementor-widget-container\">\n\t\t\t\t\t<h2>There are no job offers matching this category at the moment.<\/h2>\t\t\t\t<\/div>\n\t\t\t\t<\/div>\n\t\t\t\t<\/section>\n\t\t\t\t<div class=\"elementor-element elementor-element-1ece3ae elementor-mobile-align-center elementor-align-left elementor-widget elementor-widget-button\" data-id=\"1ece3ae\" data-element_type=\"widget\" data-e-type=\"widget\" data-widget_type=\"button.default\">\n\t\t\t\t<div class=\"elementor-widget-container\">\n\t\t\t\t\t\t\t\t\t<div class=\"elementor-button-wrapper\">\n\t\t\t\t\t<a class=\"elementor-button elementor-button-link elementor-size-sm\" href=\"https:\/\/jobs.bassetti-group.com\/en\/application\/\">\n\t\t\t\t\t\t<span class=\"elementor-button-content-wrapper\">\n\t\t\t\t\t\t\t\t\t<span class=\"elementor-button-text\">Submit an application<\/span>\n\t\t\t\t\t<\/span>\n\t\t\t\t\t<\/a>\n\t\t\t\t<\/div>\n\t\t\t\t\t\t\t\t<\/div>\n\t\t\t\t<\/div>\n\t\t\t\t<\/section>\n\t\t\t\t<\/article>\n\t\t\t\t<\/div>\n\t\t","protected":false},"excerpt":{"rendered":"<p>Software Engineering Our development teams encompass a wide range of IT specialties: full stack, back end, front end, AI, Cloud, etc. They are committed every day to maintaining and evolving our software to meet our clients&#8217; needs. Becoming a developer at Bassetti means mastering diverse programming languages and contributing to our innovation strategy: artificial intelligence, big data, data visualization, UI\/UX ergonomics, and more. Software Engineering Our development teams encompass a wide range of IT specialties: full stack, back end, front end, AI, Cloud, etc. They are committed every day to maintaining and evolving our software to meet our clients&#8217; needs. Becoming a developer at Bassetti means mastering diverse programming languages and contributing to our innovation strategy: artificial intelligence, big data, data visualization, UI\/UX ergonomics, and more. Testimonial: J\u00e9r\u00e9my, Developer &#8220;We focus on researching new technologies and orchestrating these different technologies to improve all of our solutions&#8230; We combine various roles to successfully implement our innovations, all in a cool and relaxed atmosphere, as we are a relatively young team\u2014a band of friends at BASSETTI.&#8221; &#8211; J\u00e9r\u00e9my Bruy\u00e8re, Developer at BASSETTI https:\/\/www.youtube.com\/watch?v=f9Obs3PQAxI Discover our job openings All offers Ing\u00e9nierie Software Chef de projet logiciel (H\/F) \u2013 CDI ParisRead more Ing\u00e9nieur Data Science H\/F \u2013 Stage LyonRead more Ing\u00e9nieur D\u00e9veloppeur Full \u2013 Front \u2013 Back (H\/F) \u2013 Stage Grenoble, Lyon, Nice, ParisRead more Ing\u00e9nieur Data Science ML (H\/F) \u2013 Stage GrenobleRead more Assistant Charg\u00e9 d&rsquo;Exploitation (H\/F) \u2013 Stage GrenobleRead more DATA et IA (H\/F) \u2013 CDI GrenobleRead more See more End of content. Submit an application<\/p>\n","protected":false},"author":1,"featured_media":0,"parent":313833,"menu_order":0,"comment_status":"closed","ping_status":"closed","template":"elementor_header_footer","meta":{"footnotes":""},"class_list":["post-313859","page","type-page","status-publish","hentry"],"_links":{"self":[{"href":"https:\/\/jobs.bassetti-group.com\/en\/wp-json\/wp\/v2\/pages\/313859","targetHints":{"allow":["GET"]}}],"collection":[{"href":"https:\/\/jobs.bassetti-group.com\/en\/wp-json\/wp\/v2\/pages"}],"about":[{"href":"https:\/\/jobs.bassetti-group.com\/en\/wp-json\/wp\/v2\/types\/page"}],"author":[{"embeddable":true,"href":"https:\/\/jobs.bassetti-group.com\/en\/wp-json\/wp\/v2\/users\/1"}],"replies":[{"embeddable":true,"href":"https:\/\/jobs.bassetti-group.com\/en\/wp-json\/wp\/v2\/comments?post=313859"}],"version-history":[{"count":13,"href":"https:\/\/jobs.bassetti-group.com\/en\/wp-json\/wp\/v2\/pages\/313859\/revisions"}],"predecessor-version":[{"id":314201,"href":"https:\/\/jobs.bassetti-group.com\/en\/wp-json\/wp\/v2\/pages\/313859\/revisions\/314201"}],"up":[{"embeddable":true,"href":"https:\/\/jobs.bassetti-group.com\/en\/wp-json\/wp\/v2\/pages\/313833"}],"wp:attachment":[{"href":"https:\/\/jobs.bassetti-group.com\/en\/wp-json\/wp\/v2\/media?parent=313859"}],"curies":[{"name":"wp","href":"https:\/\/api.w.org\/{rel}","templated":true}]}}