{"id":313853,"date":"2026-01-20T16:49:44","date_gmt":"2026-01-20T15:49:44","guid":{"rendered":"https:\/\/jobs.bassetti-group.com\/professions\/business-engineering\/"},"modified":"2026-01-23T13:54:21","modified_gmt":"2026-01-23T12:54:21","slug":"business-engineering","status":"publish","type":"page","link":"https:\/\/jobs.bassetti-group.com\/en\/roles\/business-engineering\/","title":{"rendered":"Business Engineering"},"content":{"rendered":"\t\t<div data-elementor-type=\"wp-page\" data-elementor-id=\"313853\" class=\"elementor elementor-313853 elementor-301486\" data-elementor-settings=\"{&quot;ha_cmc_init_switcher&quot;:&quot;no&quot;}\" data-elementor-post-type=\"page\">\n\t\t\t\t<article class=\"elementor-element elementor-element-33032788 e-con-full e-flex wpr-particle-no wpr-jarallax-no wpr-parallax-no wpr-sticky-section-no wpr-equal-height-no e-con e-parent\" data-id=\"33032788\" data-element_type=\"container\" data-e-type=\"container\" data-settings=\"{&quot;background_background&quot;:&quot;classic&quot;,&quot;_ha_eqh_enable&quot;:false}\">\n\t\t<section class=\"elementor-element elementor-element-584f6f9f e-con-full elementor-hidden-tablet elementor-hidden-mobile e-flex wpr-particle-no wpr-jarallax-no wpr-parallax-no wpr-sticky-section-no wpr-equal-height-no e-con e-child\" data-id=\"584f6f9f\" data-element_type=\"container\" data-e-type=\"container\" data-settings=\"{&quot;background_background&quot;:&quot;classic&quot;,&quot;_ha_eqh_enable&quot;:false}\">\n\t\t<section class=\"elementor-element elementor-element-1b08ac2a e-con-full e-flex wpr-particle-no wpr-jarallax-no wpr-parallax-no wpr-sticky-section-no wpr-equal-height-no e-con e-child\" data-id=\"1b08ac2a\" data-element_type=\"container\" data-e-type=\"container\" data-settings=\"{&quot;background_background&quot;:&quot;classic&quot;,&quot;background_motion_fx_motion_fx_mouse&quot;:&quot;yes&quot;,&quot;position&quot;:&quot;absolute&quot;,&quot;_ha_eqh_enable&quot;:false}\">\n\t\t\t\t<div class=\"elementor-element elementor-element-729ce420 elementor-widget elementor-widget-heading\" data-id=\"729ce420\" data-element_type=\"widget\" data-e-type=\"widget\" data-widget_type=\"heading.default\">\n\t\t\t\t<div class=\"elementor-widget-container\">\n\t\t\t\t\t<h1 class=\"elementor-heading-title elementor-size-default\">Business Engineering\n<\/h1>\t\t\t\t<\/div>\n\t\t\t\t<\/div>\n\t\t\t\t<div class=\"elementor-element elementor-element-3909faad elementor-widget elementor-widget-text-editor\" data-id=\"3909faad\" data-element_type=\"widget\" data-e-type=\"widget\" data-widget_type=\"text-editor.default\">\n\t\t\t\t<div class=\"elementor-widget-container\">\n\t\t\t\t\t\t\t\t\t<p>Our Business teams are composed of Business Engineers. They are the primary contacts for our clients, turning our software into personalized, adaptable, and effective solutions. Highly technical, they work in the most innovative fields to expand our offering: Aerospace, Automotive, Energy, Pharmaceutical, and operate through our TEEXMA platform on varied subjects such as Environment, AI, Data, R&amp;D, and Quality.<\/p>\t\t\t\t\t\t\t\t<\/div>\n\t\t\t\t<\/div>\n\t\t\t\t<\/section>\n\t\t\t\t<\/section>\n\t\t<section class=\"elementor-element elementor-element-76263815 e-con-full elementor-hidden-desktop e-flex wpr-particle-no wpr-jarallax-no wpr-parallax-no wpr-sticky-section-no wpr-equal-height-no e-con e-child\" data-id=\"76263815\" data-element_type=\"container\" data-e-type=\"container\" data-settings=\"{&quot;background_background&quot;:&quot;classic&quot;,&quot;_ha_eqh_enable&quot;:false}\">\n\t\t\t\t<\/section>\n\t\t<section class=\"elementor-element elementor-element-55ae6242 e-con-full elementor-hidden-desktop e-flex wpr-particle-no wpr-jarallax-no wpr-parallax-no wpr-sticky-section-no wpr-equal-height-no e-con e-child\" data-id=\"55ae6242\" data-element_type=\"container\" data-e-type=\"container\" data-settings=\"{&quot;background_background&quot;:&quot;classic&quot;,&quot;_ha_eqh_enable&quot;:false}\">\n\t\t\t\t<div class=\"elementor-element elementor-element-71151286 elementor-widget elementor-widget-heading\" data-id=\"71151286\" data-element_type=\"widget\" data-e-type=\"widget\" data-widget_type=\"heading.default\">\n\t\t\t\t<div class=\"elementor-widget-container\">\n\t\t\t\t\t<h1 class=\"elementor-heading-title elementor-size-default\">Business Engineering\n<\/h1>\t\t\t\t<\/div>\n\t\t\t\t<\/div>\n\t\t\t\t<div class=\"elementor-element elementor-element-760cb681 elementor-widget elementor-widget-text-editor\" data-id=\"760cb681\" data-element_type=\"widget\" data-e-type=\"widget\" data-widget_type=\"text-editor.default\">\n\t\t\t\t<div class=\"elementor-widget-container\">\n\t\t\t\t\t\t\t\t\t<p>Our Business teams are composed of Business Engineers. They are the primary contacts for our clients, turning our software into personalized, adaptable, and effective solutions. Highly technical, they work in the most innovative fields to expand our offering: Aerospace, Automotive, Energy, Pharmaceutical, and operate through our TEEXMA platform on varied subjects such as Environment, AI, Data, R&amp;D, and Quality.<\/p>\t\t\t\t\t\t\t\t<\/div>\n\t\t\t\t<\/div>\n\t\t\t\t<\/section>\n\t\t<section class=\"elementor-element elementor-element-3553f805 e-con-full temoignage-section e-flex wpr-particle-no wpr-jarallax-no wpr-parallax-no wpr-sticky-section-no wpr-equal-height-no e-con e-child\" data-id=\"3553f805\" data-element_type=\"container\" data-e-type=\"container\" data-settings=\"{&quot;_ha_eqh_enable&quot;:false}\">\n\t\t<section class=\"elementor-element elementor-element-5f182e3f e-con-full e-flex wpr-particle-no wpr-jarallax-no wpr-parallax-no wpr-sticky-section-no wpr-equal-height-no e-con e-child\" data-id=\"5f182e3f\" data-element_type=\"container\" data-e-type=\"container\" data-settings=\"{&quot;_ha_eqh_enable&quot;:false}\">\n\t\t\t\t<div class=\"elementor-element elementor-element-5ba32b86 elementor-widget elementor-widget-heading\" data-id=\"5ba32b86\" data-element_type=\"widget\" data-e-type=\"widget\" data-widget_type=\"heading.default\">\n\t\t\t\t<div class=\"elementor-widget-container\">\n\t\t\t\t\t<h2 class=\"elementor-heading-title elementor-size-default\">Testimonial: Corentin, Business Engineer\n<\/h2>\t\t\t\t<\/div>\n\t\t\t\t<\/div>\n\t\t\t\t<div class=\"elementor-element elementor-element-6585a2b0 elementor-widget elementor-widget-text-editor\" data-id=\"6585a2b0\" data-element_type=\"widget\" data-e-type=\"widget\" data-widget_type=\"text-editor.default\">\n\t\t\t\t<div class=\"elementor-widget-container\">\n\t\t\t\t\t\t\t\t\t<p>&#8220;Trust is one of the reasons I stayed at BASSETTI after joining for my final internship, along with the autonomy and responsibility that is quickly entrusted to every BASSETTI employee&#8230; We work in an environment where every action we take has a direct, measurable impact<i>.&#8221;<\/i><\/p><p><span style=\"font-weight: 400;\">&#8211; Corentin Bernard, Business Engineer at BASSETTI<\/span><\/p>\t\t\t\t\t\t\t\t<\/div>\n\t\t\t\t<\/div>\n\t\t\t\t<\/section>\n\t\t<section class=\"elementor-element elementor-element-43e15801 e-con-full e-flex wpr-particle-no wpr-jarallax-no wpr-parallax-no wpr-sticky-section-no wpr-equal-height-no e-con e-child\" data-id=\"43e15801\" data-element_type=\"container\" data-e-type=\"container\" data-settings=\"{&quot;_ha_eqh_enable&quot;:false}\">\n\t\t\t\t<div class=\"elementor-element elementor-element-95f0aa1 elementor-widget elementor-widget-video\" data-id=\"95f0aa1\" data-element_type=\"widget\" data-e-type=\"widget\" data-settings=\"{&quot;youtube_url&quot;:&quot;https:\\\/\\\/www.youtube.com\\\/watch?v=CbARrOwxcxk&quot;,&quot;video_type&quot;:&quot;youtube&quot;,&quot;controls&quot;:&quot;yes&quot;}\" data-widget_type=\"video.default\">\n\t\t\t\t<div class=\"elementor-widget-container\">\n\t\t\t\t\t\t\t<div class=\"elementor-wrapper elementor-open-inline\">\n\t\t\t<div class=\"elementor-video\"><\/div>\t\t<\/div>\n\t\t\t\t\t\t<\/div>\n\t\t\t\t<\/div>\n\t\t\t\t<\/section>\n\t\t\t\t<\/section>\n\t\t<section class=\"elementor-element elementor-element-d187c99 e-con-full e-flex wpr-particle-no wpr-jarallax-no wpr-parallax-no wpr-sticky-section-no wpr-equal-height-no e-con e-child\" data-id=\"d187c99\" data-element_type=\"container\" data-e-type=\"container\" data-settings=\"{&quot;background_background&quot;:&quot;classic&quot;,&quot;_ha_eqh_enable&quot;:false}\">\n\t\t<section class=\"elementor-element elementor-element-6a8f729 e-con-full e-flex wpr-particle-no wpr-jarallax-no wpr-parallax-no wpr-sticky-section-no wpr-equal-height-no e-con e-child\" data-id=\"6a8f729\" data-element_type=\"container\" data-e-type=\"container\" data-settings=\"{&quot;_ha_eqh_enable&quot;:false}\">\n\t\t\t\t<div class=\"elementor-element elementor-element-3d94150 elementor-widget elementor-widget-heading\" data-id=\"3d94150\" data-element_type=\"widget\" data-e-type=\"widget\" data-widget_type=\"heading.default\">\n\t\t\t\t<div class=\"elementor-widget-container\">\n\t\t\t\t\t<h2 class=\"elementor-heading-title elementor-size-large\">Discover our job openings<\/h2>\t\t\t\t<\/div>\n\t\t\t\t<\/div>\n\t\t\t\t<div class=\"elementor-element elementor-element-2e8e68f wpr-item-styles-wrapper wpr-grid-columns-3 wpr-grid-columns--tablet2 wpr-grid-columns--mobile1 wpr-grid-pagination-center elementor-widget elementor-widget-wpr-grid\" data-id=\"2e8e68f\" data-element_type=\"widget\" data-e-type=\"widget\" data-widget_type=\"wpr-grid.default\">\n\t\t\t\t<div class=\"elementor-widget-container\">\n\t\t\t\t\t<h2>There are no job offers matching this category at the moment.<\/h2>\t\t\t\t<\/div>\n\t\t\t\t<\/div>\n\t\t\t\t<\/section>\n\t\t\t\t<div class=\"elementor-element elementor-element-a89a2a9 elementor-mobile-align-center elementor-align-left elementor-widget elementor-widget-button\" data-id=\"a89a2a9\" data-element_type=\"widget\" data-e-type=\"widget\" data-widget_type=\"button.default\">\n\t\t\t\t<div class=\"elementor-widget-container\">\n\t\t\t\t\t\t\t\t\t<div class=\"elementor-button-wrapper\">\n\t\t\t\t\t<a class=\"elementor-button elementor-button-link elementor-size-sm\" href=\"https:\/\/jobs.bassetti-group.com\/en\/application\/\">\n\t\t\t\t\t\t<span class=\"elementor-button-content-wrapper\">\n\t\t\t\t\t\t\t\t\t<span class=\"elementor-button-text\">Submit an application<\/span>\n\t\t\t\t\t<\/span>\n\t\t\t\t\t<\/a>\n\t\t\t\t<\/div>\n\t\t\t\t\t\t\t\t<\/div>\n\t\t\t\t<\/div>\n\t\t\t\t<\/section>\n\t\t\t\t<\/article>\n\t\t\t\t<\/div>\n\t\t","protected":false},"excerpt":{"rendered":"<p>Business Engineering Our Business teams are composed of Business Engineers. They are the primary contacts for our clients, turning our software into personalized, adaptable, and effective solutions. Highly technical, they work in the most innovative fields to expand our offering: Aerospace, Automotive, Energy, Pharmaceutical, and operate through our TEEXMA platform on varied subjects such as Environment, AI, Data, R&amp;D, and Quality. Business Engineering Our Business teams are composed of Business Engineers. They are the primary contacts for our clients, turning our software into personalized, adaptable, and effective solutions. Highly technical, they work in the most innovative fields to expand our offering: Aerospace, Automotive, Energy, Pharmaceutical, and operate through our TEEXMA platform on varied subjects such as Environment, AI, Data, R&amp;D, and Quality. Testimonial: Corentin, Business Engineer &#8220;Trust is one of the reasons I stayed at BASSETTI after joining for my final internship, along with the autonomy and responsibility that is quickly entrusted to every BASSETTI employee&#8230; We work in an environment where every action we take has a direct, measurable impact.&#8221; &#8211; Corentin Bernard, Business Engineer at BASSETTI https:\/\/www.youtube.com\/watch?v=CbARrOwxcxk Discover our job openings All offers Ing\u00e9nierie Business Charg\u00e9(e) des Op\u00e9rations Commerciales &amp; Gestion (Sales Ops) \u2013 Stage TunisRead more Commercial s\u00e9dentaire (H\/F) \u2013 Stage TunisRead more Ing\u00e9nieur d\u2019Affaires (H\/F) \u2013 Stage Bordeaux, Grenoble, Lyon, Nantes, Paris, Strasbourg, ToulouseRead more Ing\u00e9nieur d&rsquo;affaires (H\/F) &#8211; CDI Bordeaux, Grenoble, Lyon, Nantes, Paris, ToulouseRead more Ing\u00e9nieur d&rsquo;Affaires (H\/F) \u2013 CDI Bordeaux, Grenoble, Lyon, Nantes, Paris, ToulouseRead more Ing\u00e9nieur d\u2019Affaires (H\/F) \u2013 Stage Bordeaux, Grenoble, Lyon, Nantes, Paris, ToulouseRead more Submit an application<\/p>\n","protected":false},"author":1,"featured_media":0,"parent":313833,"menu_order":0,"comment_status":"closed","ping_status":"closed","template":"elementor_header_footer","meta":{"footnotes":""},"class_list":["post-313853","page","type-page","status-publish","hentry"],"_links":{"self":[{"href":"https:\/\/jobs.bassetti-group.com\/en\/wp-json\/wp\/v2\/pages\/313853","targetHints":{"allow":["GET"]}}],"collection":[{"href":"https:\/\/jobs.bassetti-group.com\/en\/wp-json\/wp\/v2\/pages"}],"about":[{"href":"https:\/\/jobs.bassetti-group.com\/en\/wp-json\/wp\/v2\/types\/page"}],"author":[{"embeddable":true,"href":"https:\/\/jobs.bassetti-group.com\/en\/wp-json\/wp\/v2\/users\/1"}],"replies":[{"embeddable":true,"href":"https:\/\/jobs.bassetti-group.com\/en\/wp-json\/wp\/v2\/comments?post=313853"}],"version-history":[{"count":10,"href":"https:\/\/jobs.bassetti-group.com\/en\/wp-json\/wp\/v2\/pages\/313853\/revisions"}],"predecessor-version":[{"id":314204,"href":"https:\/\/jobs.bassetti-group.com\/en\/wp-json\/wp\/v2\/pages\/313853\/revisions\/314204"}],"up":[{"embeddable":true,"href":"https:\/\/jobs.bassetti-group.com\/en\/wp-json\/wp\/v2\/pages\/313833"}],"wp:attachment":[{"href":"https:\/\/jobs.bassetti-group.com\/en\/wp-json\/wp\/v2\/media?parent=313853"}],"curies":[{"name":"wp","href":"https:\/\/api.w.org\/{rel}","templated":true}]}}